{"id":8,"date":"2021-02-11T13:53:10","date_gmt":"2021-02-11T16:53:10","guid":{"rendered":"https:\/\/planejamento.mpma.mp.br\/?page_id=8"},"modified":"2023-08-17T13:08:37","modified_gmt":"2023-08-17T16:08:37","slug":"conheca-o-projeto","status":"publish","type":"page","link":"https:\/\/planejamento.mpma.mp.br\/?page_id=8","title":{"rendered":"Apresenta\u00e7\u00e3o"},"content":{"rendered":"<p class=\"_04xlpA direction-ltr align-justify para-style-body\"><span class=\"OYPEnA text-decoration-none text-strikethrough-none\">O Minist\u00e9rio P\u00fablico do Maranh\u00e3o em alinhamento com a Resolu\u00e7\u00e3o n\u00ba 147\/2016-CNMP e o Ato n\u00ba 510\/2016-GPGJ-MPMA oficializou sua ades\u00e3o ao Mapa Estrat\u00e9gico do Planejamento Estrat\u00e9gico Nacional do Minist\u00e9rio P\u00fablico (PEN-MP) em 30 de setembro de 2020. Este mapa, elaborado pelo Conselho Nacional do Minist\u00e9rio P\u00fablico (CNMP) e aprovado em 26 de mar\u00e7o de 2019, delineia nosso caminho para o per\u00edodo de 2021 a 2029.<\/span><\/p>\n<p class=\"_04xlpA direction-ltr align-justify para-style-body\"><span class=\"OYPEnA text-decoration-none text-strikethrough-none\">A coordena\u00e7\u00e3o do plano de atualiza\u00e7\u00e3o do planejamento estrat\u00e9gico do MPMA foi desenvolvida pela equipe da Secretaria de Planejamento e Gest\u00e3o (SEPLAG). Nosso objetivo \u00e9 estabelecer uma poderosa ferramenta de gest\u00e3o, uma b\u00fassola que n\u00e3o s\u00f3 trace metas e aloque recursos, mas que tamb\u00e9m mobilize a\u00e7\u00f5es e sustente decis\u00f5es. Assim, nossa vis\u00e3o institucional de longo prazo e nossa miss\u00e3o orientam-se de forma concreta e eficaz.<\/span><\/p>\n<p class=\"_04xlpA direction-ltr align-justify para-style-body\"><span class=\"OYPEnA text-decoration-none text-strikethrough-none\">Destacamos o compromisso de assegurar a legitimidade do processo, preservando a autonomia que caracteriza o MPMA. O projeto foi adaptado \u00e0s peculiaridades do Maranh\u00e3o, percorrendo uma etapa abrangente de diagn\u00f3stico. Entrevistas, question\u00e1rios, audi\u00eancias p\u00fablicas e encontros regionais \u2013 presenciais e virtuais \u2013 envolveram membros, servidores, sociedade, organismos internacionais e setores governamentais. Esta rica intera\u00e7\u00e3o garantiu alinhamento e contribuiu para a defini\u00e7\u00e3o de nossos objetivos estrat\u00e9gicos.<\/span><\/p>\n<p class=\"_04xlpA direction-ltr align-justify para-style-body\"><span class=\"OYPEnA text-decoration-none text-strikethrough-none\">\u00c9 com satisfa\u00e7\u00e3o que comunicamos a implanta\u00e7\u00e3o do planejamento atrav\u00e9s do ato 26 de 2022. Com dedica\u00e7\u00e3o, realizamos oficinas de elabora\u00e7\u00e3o em S\u00e3o Lu\u00eds, Imperatriz e Timon, desdobrando os objetivos estrat\u00e9gicos e prioriza\u00e7\u00f5es definidos nas oficinas em programas, projetos e iniciativas, em conjunto com os Centros de Apoio e unidades administrativas.<\/span><\/p>\n<p class=\"_04xlpA direction-ltr align-justify para-style-body\"><span class=\"OYPEnA text-decoration-none text-strikethrough-none\">O Planejamento Estrat\u00e9gico Institucional 2021-2029 \u00e9 uma prova concreta de nosso compromisso com um Minist\u00e9rio P\u00fablico do Maranh\u00e3o s\u00f3lido, progressista e dedicado \u00e0 promo\u00e7\u00e3o do bem comum. Continuaremos a avan\u00e7ar, mantendo nossa miss\u00e3o e vis\u00e3o como norte, e empregando a\u00e7\u00f5es estrat\u00e9gicas para atingir nossos objetivos em benef\u00edcio da sociedade maranhense.<\/span><\/p>\n","protected":false},"excerpt":{"rendered":"<p>O Minist\u00e9rio P\u00fablico do Maranh\u00e3o em alinhamento com a Resolu\u00e7\u00e3o n\u00ba 147\/2016-CNMP e o Ato n\u00ba 510\/2016-GPGJ-MPMA oficializou sua ades\u00e3o ao Mapa Estrat\u00e9gico do Planejamento Estrat\u00e9gico Nacional do Minist\u00e9rio P\u00fablico&hellip;<\/p>\n","protected":false},"author":1,"featured_media":0,"parent":0,"menu_order":0,"comment_status":"closed","ping_status":"closed","template":"","meta":{"footnotes":""},"class_list":["post-8","page","type-page","status-publish","hentry"],"_links":{"self":[{"href":"https:\/\/planejamento.mpma.mp.br\/index.php?rest_route=\/wp\/v2\/pages\/8","targetHints":{"allow":["GET"]}}],"collection":[{"href":"https:\/\/planejamento.mpma.mp.br\/index.php?rest_route=\/wp\/v2\/pages"}],"about":[{"href":"https:\/\/planejamento.mpma.mp.br\/index.php?rest_route=\/wp\/v2\/types\/page"}],"author":[{"embeddable":true,"href":"https:\/\/planejamento.mpma.mp.br\/index.php?rest_route=\/wp\/v2\/users\/1"}],"replies":[{"embeddable":true,"href":"https:\/\/planejamento.mpma.mp.br\/index.php?rest_route=%2Fwp%2Fv2%2Fcomments&post=8"}],"version-history":[{"count":24,"href":"https:\/\/planejamento.mpma.mp.br\/index.php?rest_route=\/wp\/v2\/pages\/8\/revisions"}],"predecessor-version":[{"id":469,"href":"https:\/\/planejamento.mpma.mp.br\/index.php?rest_route=\/wp\/v2\/pages\/8\/revisions\/469"}],"wp:attachment":[{"href":"https:\/\/planejamento.mpma.mp.br\/index.php?rest_route=%2Fwp%2Fv2%2Fmedia&parent=8"}],"curies":[{"name":"wp","href":"https:\/\/api.w.org\/{rel}","templated":true}]}}