{"id":236,"date":"2021-05-04T12:56:11","date_gmt":"2021-05-04T15:56:11","guid":{"rendered":"https:\/\/planejamento.mpma.mp.br\/?page_id=236"},"modified":"2025-09-02T14:59:26","modified_gmt":"2025-09-02T17:59:26","slug":"documentos","status":"publish","type":"page","link":"https:\/\/planejamento.mpma.mp.br\/?page_id=236","title":{"rendered":"Documentos"},"content":{"rendered":"<p>\u00c1rea destinada \u00e0 consulta de informa\u00e7\u00f5es documentais pertinentes ao PEN 2021-2029.<\/p>\n<h4><span style=\"color: #3366ff;\"><a style=\"color: #3366ff;\" href=\"https:\/\/planejamento.mpma.mp.br\/wp-content\/uploads\/2021\/05\/Publicacao-do-Termo-de-Adesao-ao-PEN-DEMP_no1942020-20102020.pdf\" target=\"_blank\" rel=\"noopener\">Publica\u00e7\u00e3o do Termo de Ades\u00e3o ao PEI 2021-2029<\/a><\/span><\/h4>\n<h4><span style=\"color: #3366ff;\"><a style=\"color: #3366ff;\" href=\"https:\/\/drive.google.com\/drive\/folders\/1HFiorhWqa2LpKYZRHLCdKa5AvK4qImdn?usp=sharing\">Documentos e informa\u00e7\u00f5es relacionados ao desdobramento do Plano T\u00e1tico-Operacional da \u00e1rea meio\u00a0<\/a><\/span><\/h4>\n<h4><span style=\"color: #3366ff;\"><a style=\"color: #3366ff;\" href=\"https:\/\/drive.google.com\/file\/d\/14nmo319WurogAk1vo1WRAegjnfSQmLwL\/view?usp=sharing\">Planejamento Estrat\u00e9gico Institucional 2021-2029 do Minist\u00e9rio P\u00fablico do Maranh\u00e3o.<\/a><\/span><\/h4>\n<h4><span style=\"color: #3366ff;\"><a style=\"color: #3366ff;\" href=\"https:\/\/drive.google.com\/file\/d\/1fGt3TIhyDoagkYiQ2sw3b4wYSkwFyMvW\/view?usp=share_link\">Ato regulamentar n\u00ba 26-2022 que disp\u00f5e sobre o Planejamento Estrat\u00e9gico Institucional 2021-2029<\/a><\/span><\/h4>\n<h4><span style=\"color: #3366ff;\"><a style=\"color: #3366ff;\" href=\"https:\/\/drive.google.com\/file\/d\/15DM9gMoJ90KUW39iGqcbY6S_KgalKcUF\/view?usp=sharing\">Mapa Estrat\u00e9gico Institucional do Minist\u00e9rio P\u00fablico do Maranh\u00e3o 21-29 (vers\u00e3o atualizada).<\/a><\/span><\/h4>\n<h4><span style=\"color: #3366ff;\"><a class=\"link-publicacao\" style=\"color: #3366ff;\" href=\"https:\/\/cdn-0.mpma.mp.br\/publicacoes\/19335\/d613989c2ac43049284c9696650a6594.pdf\" target=\"_blank\" rel=\"noopener\">Relat\u00f3rio do 1\u00ba Ciclo de Revis\u00e3o do PEI 2021-2029<\/a><\/span><\/h4>\n<h4><span style=\"color: #3366ff;\"><a class=\"link-publicacao\" style=\"color: #3366ff;\" href=\"https:\/\/cdn-0.mpma.mp.br\/publicacoes\/19336\/b31618fd28f5c045eb48f168bf8db4e3.pdf\" target=\"_blank\" rel=\"noopener\">Indicadores Consolidados da 1\u00aa Revis\u00e3o PEI 2021-2029<\/a><\/span><\/h4>\n<p>&nbsp;<\/p>\n","protected":false},"excerpt":{"rendered":"<p>\u00c1rea destinada \u00e0 consulta de informa\u00e7\u00f5es documentais pertinentes ao PEN 2021-2029. Publica\u00e7\u00e3o do Termo de Ades\u00e3o ao PEI 2021-2029 Documentos e informa\u00e7\u00f5es relacionados ao desdobramento do Plano T\u00e1tico-Operacional da \u00e1rea&hellip;<\/p>\n","protected":false},"author":1,"featured_media":0,"parent":0,"menu_order":0,"comment_status":"closed","ping_status":"closed","template":"","meta":{"footnotes":""},"class_list":["post-236","page","type-page","status-publish","hentry"],"_links":{"self":[{"href":"https:\/\/planejamento.mpma.mp.br\/index.php?rest_route=\/wp\/v2\/pages\/236","targetHints":{"allow":["GET"]}}],"collection":[{"href":"https:\/\/planejamento.mpma.mp.br\/index.php?rest_route=\/wp\/v2\/pages"}],"about":[{"href":"https:\/\/planejamento.mpma.mp.br\/index.php?rest_route=\/wp\/v2\/types\/page"}],"author":[{"embeddable":true,"href":"https:\/\/planejamento.mpma.mp.br\/index.php?rest_route=\/wp\/v2\/users\/1"}],"replies":[{"embeddable":true,"href":"https:\/\/planejamento.mpma.mp.br\/index.php?rest_route=%2Fwp%2Fv2%2Fcomments&post=236"}],"version-history":[{"count":29,"href":"https:\/\/planejamento.mpma.mp.br\/index.php?rest_route=\/wp\/v2\/pages\/236\/revisions"}],"predecessor-version":[{"id":544,"href":"https:\/\/planejamento.mpma.mp.br\/index.php?rest_route=\/wp\/v2\/pages\/236\/revisions\/544"}],"wp:attachment":[{"href":"https:\/\/planejamento.mpma.mp.br\/index.php?rest_route=%2Fwp%2Fv2%2Fmedia&parent=236"}],"curies":[{"name":"wp","href":"https:\/\/api.w.org\/{rel}","templated":true}]}}