{"id":14,"date":"2021-02-11T13:54:24","date_gmt":"2021-02-11T16:54:24","guid":{"rendered":"https:\/\/planejamento.mpma.mp.br\/?page_id=14"},"modified":"2022-06-24T10:54:40","modified_gmt":"2022-06-24T13:54:40","slug":"campanha","status":"publish","type":"page","link":"https:\/\/planejamento.mpma.mp.br\/?page_id=14","title":{"rendered":"Campanha"},"content":{"rendered":"\r\n<p><span style=\"font-weight: 400;\">Por meio de pe\u00e7as digitais, v\u00eddeos e spots, foi trabalhada a campanha institucional para oportunizar \u00e0 popula\u00e7\u00e3o e componentes do MPMA a participa\u00e7\u00e3o no projeto de desenvolvimento do Planejamento Estrat\u00e9gico para o per\u00edodo de 2020 \u00e0 2029.<\/span><\/p>\r\n<p><span style=\"font-weight: 400;\">Conhe\u00e7a o material divulgado:<\/span><\/p>\r\n<p><iframe title=\"V\u00eddeo Planejamento Estrat\u00e9gico\" width=\"640\" height=\"360\" src=\"https:\/\/www.youtube.com\/embed\/WEMNsWlvji4?feature=oembed\" frameborder=\"0\" allow=\"accelerometer; autoplay; clipboard-write; encrypted-media; gyroscope; picture-in-picture; web-share\" referrerpolicy=\"strict-origin-when-cross-origin\" allowfullscreen><\/iframe><\/p>\r\n<p><img fetchpriority=\"high\" decoding=\"async\" class=\"alignnone  wp-image-264\" src=\"https:\/\/planejamento.mpma.mp.br\/wp-content\/uploads\/2021\/06\/Card-lancamento.jpeg\" alt=\"\" width=\"642\" height=\"642\" srcset=\"https:\/\/planejamento.mpma.mp.br\/wp-content\/uploads\/2021\/06\/Card-lancamento.jpeg 1280w, https:\/\/planejamento.mpma.mp.br\/wp-content\/uploads\/2021\/06\/Card-lancamento-300x300.jpeg 300w, https:\/\/planejamento.mpma.mp.br\/wp-content\/uploads\/2021\/06\/Card-lancamento-1024x1024.jpeg 1024w, https:\/\/planejamento.mpma.mp.br\/wp-content\/uploads\/2021\/06\/Card-lancamento-150x150.jpeg 150w, https:\/\/planejamento.mpma.mp.br\/wp-content\/uploads\/2021\/06\/Card-lancamento-768x768.jpeg 768w\" sizes=\"(max-width: 642px) 100vw, 642px\" \/><\/p>\r\n<p><img decoding=\"async\" class=\"alignnone  wp-image-265\" src=\"https:\/\/planejamento.mpma.mp.br\/wp-content\/uploads\/2021\/06\/card-divulgacao.jpeg\" alt=\"\" width=\"643\" height=\"643\" srcset=\"https:\/\/planejamento.mpma.mp.br\/wp-content\/uploads\/2021\/06\/card-divulgacao.jpeg 1280w, https:\/\/planejamento.mpma.mp.br\/wp-content\/uploads\/2021\/06\/card-divulgacao-300x300.jpeg 300w, https:\/\/planejamento.mpma.mp.br\/wp-content\/uploads\/2021\/06\/card-divulgacao-1024x1024.jpeg 1024w, https:\/\/planejamento.mpma.mp.br\/wp-content\/uploads\/2021\/06\/card-divulgacao-150x150.jpeg 150w, https:\/\/planejamento.mpma.mp.br\/wp-content\/uploads\/2021\/06\/card-divulgacao-768x768.jpeg 768w\" sizes=\"(max-width: 643px) 100vw, 643px\" \/><\/p>\r\n<p>&nbsp;<\/p>\r\n<!--[if lt IE 9]><script>document.createElement('audio');<\/script><![endif]-->\n<audio class=\"wp-audio-shortcode\" id=\"audio-14-1\" preload=\"none\" style=\"width: 100%;\" controls=\"controls\"><source type=\"audio\/mpeg\" src=\"https:\/\/planejamento.mpma.mp.br\/wp-content\/uploads\/2021\/06\/spot-planejamento-final.mp3?_=1\" \/><a href=\"https:\/\/planejamento.mpma.mp.br\/wp-content\/uploads\/2021\/06\/spot-planejamento-final.mp3\">https:\/\/planejamento.mpma.mp.br\/wp-content\/uploads\/2021\/06\/spot-planejamento-final.mp3<\/a><\/audio>\r\n<p><span style=\"font-weight: 400;\"><img decoding=\"async\" class=\"alignnone  wp-image-397\" src=\"https:\/\/planejamento.mpma.mp.br\/wp-content\/uploads\/2022\/06\/Convite-a-todos.png\" alt=\"\" width=\"650\" height=\"411\" srcset=\"https:\/\/planejamento.mpma.mp.br\/wp-content\/uploads\/2022\/06\/Convite-a-todos.png 2000w, https:\/\/planejamento.mpma.mp.br\/wp-content\/uploads\/2022\/06\/Convite-a-todos-300x189.png 300w, https:\/\/planejamento.mpma.mp.br\/wp-content\/uploads\/2022\/06\/Convite-a-todos-1024x647.png 1024w, https:\/\/planejamento.mpma.mp.br\/wp-content\/uploads\/2022\/06\/Convite-a-todos-768x485.png 768w, https:\/\/planejamento.mpma.mp.br\/wp-content\/uploads\/2022\/06\/Convite-a-todos-1536x970.png 1536w, https:\/\/planejamento.mpma.mp.br\/wp-content\/uploads\/2022\/06\/Convite-a-todos-1920x1212.png 1920w\" sizes=\"(max-width: 650px) 100vw, 650px\" \/><\/span><\/p>\r\n<p>&nbsp;<\/p>\r\n","protected":false},"excerpt":{"rendered":"<p>Por meio de pe\u00e7as digitais, v\u00eddeos e spots, foi trabalhada a campanha institucional para oportunizar \u00e0 popula\u00e7\u00e3o e componentes do MPMA a participa\u00e7\u00e3o no projeto de desenvolvimento do Planejamento Estrat\u00e9gico&hellip;<\/p>\n","protected":false},"author":1,"featured_media":0,"parent":0,"menu_order":0,"comment_status":"closed","ping_status":"closed","template":"","meta":{"footnotes":""},"class_list":["post-14","page","type-page","status-publish","hentry"],"_links":{"self":[{"href":"https:\/\/planejamento.mpma.mp.br\/index.php?rest_route=\/wp\/v2\/pages\/14","targetHints":{"allow":["GET"]}}],"collection":[{"href":"https:\/\/planejamento.mpma.mp.br\/index.php?rest_route=\/wp\/v2\/pages"}],"about":[{"href":"https:\/\/planejamento.mpma.mp.br\/index.php?rest_route=\/wp\/v2\/types\/page"}],"author":[{"embeddable":true,"href":"https:\/\/planejamento.mpma.mp.br\/index.php?rest_route=\/wp\/v2\/users\/1"}],"replies":[{"embeddable":true,"href":"https:\/\/planejamento.mpma.mp.br\/index.php?rest_route=%2Fwp%2Fv2%2Fcomments&post=14"}],"version-history":[{"count":10,"href":"https:\/\/planejamento.mpma.mp.br\/index.php?rest_route=\/wp\/v2\/pages\/14\/revisions"}],"predecessor-version":[{"id":398,"href":"https:\/\/planejamento.mpma.mp.br\/index.php?rest_route=\/wp\/v2\/pages\/14\/revisions\/398"}],"wp:attachment":[{"href":"https:\/\/planejamento.mpma.mp.br\/index.php?rest_route=%2Fwp%2Fv2%2Fmedia&parent=14"}],"curies":[{"name":"wp","href":"https:\/\/api.w.org\/{rel}","templated":true}]}}